{"id":2689,"date":"2016-09-01T14:50:52","date_gmt":"2016-09-01T14:50:52","guid":{"rendered":"http:\/\/demo.goodlayers.com\/realfactory\/?page_id=2689"},"modified":"2021-01-17T16:53:10","modified_gmt":"2021-01-17T16:53:10","slug":"blog","status":"publish","type":"page","link":"https:\/\/radiologicadelcarmen.com.co\/index.php\/blog\/","title":{"rendered":"Blog"},"content":{"rendered":"","protected":false},"excerpt":{"rendered":"","protected":false},"author":1,"featured_media":0,"parent":0,"menu_order":0,"comment_status":"closed","ping_status":"closed","template":"","meta":{"footnotes":""},"class_list":["post-2689","page","type-page","status-publish","hentry"],"yoast_head":"<!-- This site is optimized with the Yoast SEO Premium plugin v23.7 (Yoast SEO v23.7) - https:\/\/yoast.com\/wordpress\/plugins\/seo\/ -->\n<title>Blog - Radiol\u00f3gica Del Carmen<\/title>\n<meta name=\"description\" content=\"Blog que incluye art\u00edculos, noticias de inter\u00e9s y contenido actualizado del sector de radiolog\u00eda e imagenolog\u00eda.\" \/>\n<meta name=\"robots\" content=\"index, follow, max-snippet:-1, max-image-preview:large, max-video-preview:-1\" \/>\n<link rel=\"canonical\" href=\"https:\/\/radiologicadelcarmen.com.co\/index.php\/blog\/\" \/>\n<meta property=\"og:locale\" content=\"es_ES\" \/>\n<meta property=\"og:type\" content=\"article\" \/>\n<meta property=\"og:title\" content=\"Blog\" \/>\n<meta property=\"og:description\" content=\"Blog que incluye art\u00edculos, noticias de inter\u00e9s y contenido actualizado del sector de radiolog\u00eda e imagenolog\u00eda.\" \/>\n<meta property=\"og:url\" content=\"https:\/\/radiologicadelcarmen.com.co\/index.php\/blog\/\" \/>\n<meta property=\"og:site_name\" content=\"Radiol\u00f3gica Del Carmen\" \/>\n<meta property=\"article:modified_time\" content=\"2021-01-17T16:53:10+00:00\" \/>\n<meta name=\"twitter:card\" content=\"summary_large_image\" \/>\n<script type=\"application\/ld+json\" class=\"yoast-schema-graph\">{\"@context\":\"https:\/\/schema.org\",\"@graph\":[{\"@type\":\"WebPage\",\"@id\":\"https:\/\/radiologicadelcarmen.com.co\/index.php\/blog\/\",\"url\":\"https:\/\/radiologicadelcarmen.com.co\/index.php\/blog\/\",\"name\":\"Blog - Radiol\u00f3gica Del Carmen\",\"isPartOf\":{\"@id\":\"https:\/\/radiologicadelcarmen.com.co\/#website\"},\"datePublished\":\"2016-09-01T14:50:52+00:00\",\"dateModified\":\"2021-01-17T16:53:10+00:00\",\"description\":\"Blog que incluye art\u00edculos, noticias de inter\u00e9s y contenido actualizado del sector de radiolog\u00eda e imagenolog\u00eda.\",\"breadcrumb\":{\"@id\":\"https:\/\/radiologicadelcarmen.com.co\/index.php\/blog\/#breadcrumb\"},\"inLanguage\":\"es\",\"potentialAction\":[{\"@type\":\"ReadAction\",\"target\":[\"https:\/\/radiologicadelcarmen.com.co\/index.php\/blog\/\"]}]},{\"@type\":\"BreadcrumbList\",\"@id\":\"https:\/\/radiologicadelcarmen.com.co\/index.php\/blog\/#breadcrumb\",\"itemListElement\":[{\"@type\":\"ListItem\",\"position\":1,\"name\":\"Home\",\"item\":\"https:\/\/radiologicadelcarmen.com.co\/\"},{\"@type\":\"ListItem\",\"position\":2,\"name\":\"Blog\"}]},{\"@type\":\"WebSite\",\"@id\":\"https:\/\/radiologicadelcarmen.com.co\/#website\",\"url\":\"https:\/\/radiologicadelcarmen.com.co\/\",\"name\":\"Radiol\u00f3gica Del Carmen\",\"description\":\"Entidad prestadora de servicios m\u00e9dicos de radiolog\u00eda e im\u00e1genes diagn\u00f3sticas. Riohacha, La Guajira, Colombia.\",\"publisher\":{\"@id\":\"https:\/\/radiologicadelcarmen.com.co\/#organization\"},\"potentialAction\":[{\"@type\":\"SearchAction\",\"target\":{\"@type\":\"EntryPoint\",\"urlTemplate\":\"https:\/\/radiologicadelcarmen.com.co\/?s={search_term_string}\"},\"query-input\":{\"@type\":\"PropertyValueSpecification\",\"valueRequired\":true,\"valueName\":\"search_term_string\"}}],\"inLanguage\":\"es\"},{\"@type\":\"Organization\",\"@id\":\"https:\/\/radiologicadelcarmen.com.co\/#organization\",\"name\":\"Unidad M\u00e9dica Radiol\u00f3gica del Carmen\",\"url\":\"https:\/\/radiologicadelcarmen.com.co\/\",\"logo\":{\"@type\":\"ImageObject\",\"inLanguage\":\"es\",\"@id\":\"https:\/\/radiologicadelcarmen.com.co\/#\/schema\/logo\/image\/\",\"url\":\"https:\/\/radiologicadelcarmen.com.co\/wp-content\/uploads\/2021\/01\/imagotipo.png\",\"contentUrl\":\"https:\/\/radiologicadelcarmen.com.co\/wp-content\/uploads\/2021\/01\/imagotipo.png\",\"width\":341,\"height\":100,\"caption\":\"Unidad M\u00e9dica Radiol\u00f3gica del Carmen\"},\"image\":{\"@id\":\"https:\/\/radiologicadelcarmen.com.co\/#\/schema\/logo\/image\/\"}}]}<\/script>\n<!-- \/ Yoast SEO Premium plugin. -->","yoast_head_json":{"title":"Blog - Radiol\u00f3gica Del Carmen","description":"Blog que incluye art\u00edculos, noticias de inter\u00e9s y contenido actualizado del sector de radiolog\u00eda e imagenolog\u00eda.","robots":{"index":"index","follow":"follow","max-snippet":"max-snippet:-1","max-image-preview":"max-image-preview:large","max-video-preview":"max-video-preview:-1"},"canonical":"https:\/\/radiologicadelcarmen.com.co\/index.php\/blog\/","og_locale":"es_ES","og_type":"article","og_title":"Blog","og_description":"Blog que incluye art\u00edculos, noticias de inter\u00e9s y contenido actualizado del sector de radiolog\u00eda e imagenolog\u00eda.","og_url":"https:\/\/radiologicadelcarmen.com.co\/index.php\/blog\/","og_site_name":"Radiol\u00f3gica Del Carmen","article_modified_time":"2021-01-17T16:53:10+00:00","twitter_card":"summary_large_image","schema":{"@context":"https:\/\/schema.org","@graph":[{"@type":"WebPage","@id":"https:\/\/radiologicadelcarmen.com.co\/index.php\/blog\/","url":"https:\/\/radiologicadelcarmen.com.co\/index.php\/blog\/","name":"Blog - Radiol\u00f3gica Del Carmen","isPartOf":{"@id":"https:\/\/radiologicadelcarmen.com.co\/#website"},"datePublished":"2016-09-01T14:50:52+00:00","dateModified":"2021-01-17T16:53:10+00:00","description":"Blog que incluye art\u00edculos, noticias de inter\u00e9s y contenido actualizado del sector de radiolog\u00eda e imagenolog\u00eda.","breadcrumb":{"@id":"https:\/\/radiologicadelcarmen.com.co\/index.php\/blog\/#breadcrumb"},"inLanguage":"es","potentialAction":[{"@type":"ReadAction","target":["https:\/\/radiologicadelcarmen.com.co\/index.php\/blog\/"]}]},{"@type":"BreadcrumbList","@id":"https:\/\/radiologicadelcarmen.com.co\/index.php\/blog\/#breadcrumb","itemListElement":[{"@type":"ListItem","position":1,"name":"Home","item":"https:\/\/radiologicadelcarmen.com.co\/"},{"@type":"ListItem","position":2,"name":"Blog"}]},{"@type":"WebSite","@id":"https:\/\/radiologicadelcarmen.com.co\/#website","url":"https:\/\/radiologicadelcarmen.com.co\/","name":"Radiol\u00f3gica Del Carmen","description":"Entidad prestadora de servicios m\u00e9dicos de radiolog\u00eda e im\u00e1genes diagn\u00f3sticas. Riohacha, La Guajira, Colombia.","publisher":{"@id":"https:\/\/radiologicadelcarmen.com.co\/#organization"},"potentialAction":[{"@type":"SearchAction","target":{"@type":"EntryPoint","urlTemplate":"https:\/\/radiologicadelcarmen.com.co\/?s={search_term_string}"},"query-input":{"@type":"PropertyValueSpecification","valueRequired":true,"valueName":"search_term_string"}}],"inLanguage":"es"},{"@type":"Organization","@id":"https:\/\/radiologicadelcarmen.com.co\/#organization","name":"Unidad M\u00e9dica Radiol\u00f3gica del Carmen","url":"https:\/\/radiologicadelcarmen.com.co\/","logo":{"@type":"ImageObject","inLanguage":"es","@id":"https:\/\/radiologicadelcarmen.com.co\/#\/schema\/logo\/image\/","url":"https:\/\/radiologicadelcarmen.com.co\/wp-content\/uploads\/2021\/01\/imagotipo.png","contentUrl":"https:\/\/radiologicadelcarmen.com.co\/wp-content\/uploads\/2021\/01\/imagotipo.png","width":341,"height":100,"caption":"Unidad M\u00e9dica Radiol\u00f3gica del Carmen"},"image":{"@id":"https:\/\/radiologicadelcarmen.com.co\/#\/schema\/logo\/image\/"}}]}},"_links":{"self":[{"href":"https:\/\/radiologicadelcarmen.com.co\/index.php\/wp-json\/wp\/v2\/pages\/2689"}],"collection":[{"href":"https:\/\/radiologicadelcarmen.com.co\/index.php\/wp-json\/wp\/v2\/pages"}],"about":[{"href":"https:\/\/radiologicadelcarmen.com.co\/index.php\/wp-json\/wp\/v2\/types\/page"}],"author":[{"embeddable":true,"href":"https:\/\/radiologicadelcarmen.com.co\/index.php\/wp-json\/wp\/v2\/users\/1"}],"replies":[{"embeddable":true,"href":"https:\/\/radiologicadelcarmen.com.co\/index.php\/wp-json\/wp\/v2\/comments?post=2689"}],"version-history":[{"count":2,"href":"https:\/\/radiologicadelcarmen.com.co\/index.php\/wp-json\/wp\/v2\/pages\/2689\/revisions"}],"predecessor-version":[{"id":8706,"href":"https:\/\/radiologicadelcarmen.com.co\/index.php\/wp-json\/wp\/v2\/pages\/2689\/revisions\/8706"}],"wp:attachment":[{"href":"https:\/\/radiologicadelcarmen.com.co\/index.php\/wp-json\/wp\/v2\/media?parent=2689"}],"curies":[{"name":"wp","href":"https:\/\/api.w.org\/{rel}","templated":true}]}}