{"id":8513,"date":"2021-01-15T04:47:36","date_gmt":"2021-01-15T04:47:36","guid":{"rendered":"https:\/\/radiologicadelcarmen.com.co\/wpconstruction\/?page_id=8513"},"modified":"2021-01-15T21:05:41","modified_gmt":"2021-01-15T21:05:41","slug":"mamografia-3d","status":"publish","type":"page","link":"https:\/\/radiologicadelcarmen.com.co\/index.php\/servicios\/mamografia\/mamografia-3d\/","title":{"rendered":"Mamograf\u00eda 3D tomos\u00edntesis"},"content":{"rendered":"","protected":false},"excerpt":{"rendered":"","protected":false},"author":1,"featured_media":0,"parent":8506,"menu_order":0,"comment_status":"closed","ping_status":"closed","template":"","meta":{"footnotes":""},"class_list":["post-8513","page","type-page","status-publish","hentry"],"yoast_head":"<!-- This site is optimized with the Yoast SEO Premium plugin v23.7 (Yoast SEO v23.7) - https:\/\/yoast.com\/wordpress\/plugins\/seo\/ -->\n<title>Mamograf\u00eda 3D tomos\u00edntesis - Radiol\u00f3gica Del Carmen<\/title>\n<meta name=\"description\" content=\"La mamograf\u00eda 3D es un estudio diagn\u00f3stico que consiste en la captura de m\u00faltiples im\u00e1genes de cada mama, a partir de cortes milim\u00e9tricos.\" \/>\n<meta name=\"robots\" content=\"index, follow, max-snippet:-1, max-image-preview:large, max-video-preview:-1\" \/>\n<link rel=\"canonical\" href=\"https:\/\/radiologicadelcarmen.com.co\/index.php\/servicios\/mamografia\/mamografia-3d\/\" \/>\n<meta property=\"og:locale\" content=\"es_ES\" \/>\n<meta property=\"og:type\" content=\"article\" \/>\n<meta property=\"og:title\" content=\"Mamograf\u00eda 3D tomos\u00edntesis\" \/>\n<meta property=\"og:description\" content=\"La mamograf\u00eda 3D es un estudio diagn\u00f3stico que consiste en la captura de m\u00faltiples im\u00e1genes de cada mama, a partir de cortes milim\u00e9tricos.\" \/>\n<meta property=\"og:url\" content=\"https:\/\/radiologicadelcarmen.com.co\/index.php\/servicios\/mamografia\/mamografia-3d\/\" \/>\n<meta property=\"og:site_name\" content=\"Radiol\u00f3gica Del Carmen\" \/>\n<meta property=\"article:modified_time\" content=\"2021-01-15T21:05:41+00:00\" \/>\n<meta name=\"twitter:card\" content=\"summary_large_image\" \/>\n<script type=\"application\/ld+json\" class=\"yoast-schema-graph\">{\"@context\":\"https:\/\/schema.org\",\"@graph\":[{\"@type\":\"WebPage\",\"@id\":\"https:\/\/radiologicadelcarmen.com.co\/index.php\/servicios\/mamografia\/mamografia-3d\/\",\"url\":\"https:\/\/radiologicadelcarmen.com.co\/index.php\/servicios\/mamografia\/mamografia-3d\/\",\"name\":\"Mamograf\u00eda 3D tomos\u00edntesis - Radiol\u00f3gica Del Carmen\",\"isPartOf\":{\"@id\":\"https:\/\/radiologicadelcarmen.com.co\/#website\"},\"datePublished\":\"2021-01-15T04:47:36+00:00\",\"dateModified\":\"2021-01-15T21:05:41+00:00\",\"description\":\"La mamograf\u00eda 3D es un estudio diagn\u00f3stico que consiste en la captura de m\u00faltiples im\u00e1genes de cada mama, a partir de cortes milim\u00e9tricos.\",\"breadcrumb\":{\"@id\":\"https:\/\/radiologicadelcarmen.com.co\/index.php\/servicios\/mamografia\/mamografia-3d\/#breadcrumb\"},\"inLanguage\":\"es\",\"potentialAction\":[{\"@type\":\"ReadAction\",\"target\":[\"https:\/\/radiologicadelcarmen.com.co\/index.php\/servicios\/mamografia\/mamografia-3d\/\"]}]},{\"@type\":\"BreadcrumbList\",\"@id\":\"https:\/\/radiologicadelcarmen.com.co\/index.php\/servicios\/mamografia\/mamografia-3d\/#breadcrumb\",\"itemListElement\":[{\"@type\":\"ListItem\",\"position\":1,\"name\":\"Home\",\"item\":\"https:\/\/radiologicadelcarmen.com.co\/\"},{\"@type\":\"ListItem\",\"position\":2,\"name\":\"Servicios\",\"item\":\"https:\/\/radiologicadelcarmen.com.co\/index.php\/servicios\/\"},{\"@type\":\"ListItem\",\"position\":3,\"name\":\"Mamograf\u00eda digital\",\"item\":\"https:\/\/radiologicadelcarmen.com.co\/index.php\/servicios\/mamografia\/\"},{\"@type\":\"ListItem\",\"position\":4,\"name\":\"Mamograf\u00eda 3D tomos\u00edntesis\"}]},{\"@type\":\"WebSite\",\"@id\":\"https:\/\/radiologicadelcarmen.com.co\/#website\",\"url\":\"https:\/\/radiologicadelcarmen.com.co\/\",\"name\":\"Radiol\u00f3gica Del Carmen\",\"description\":\"Entidad prestadora de servicios m\u00e9dicos de radiolog\u00eda e im\u00e1genes diagn\u00f3sticas. Riohacha, La Guajira, Colombia.\",\"publisher\":{\"@id\":\"https:\/\/radiologicadelcarmen.com.co\/#organization\"},\"potentialAction\":[{\"@type\":\"SearchAction\",\"target\":{\"@type\":\"EntryPoint\",\"urlTemplate\":\"https:\/\/radiologicadelcarmen.com.co\/?s={search_term_string}\"},\"query-input\":{\"@type\":\"PropertyValueSpecification\",\"valueRequired\":true,\"valueName\":\"search_term_string\"}}],\"inLanguage\":\"es\"},{\"@type\":\"Organization\",\"@id\":\"https:\/\/radiologicadelcarmen.com.co\/#organization\",\"name\":\"Unidad M\u00e9dica Radiol\u00f3gica del Carmen\",\"url\":\"https:\/\/radiologicadelcarmen.com.co\/\",\"logo\":{\"@type\":\"ImageObject\",\"inLanguage\":\"es\",\"@id\":\"https:\/\/radiologicadelcarmen.com.co\/#\/schema\/logo\/image\/\",\"url\":\"https:\/\/radiologicadelcarmen.com.co\/wp-content\/uploads\/2021\/01\/imagotipo.png\",\"contentUrl\":\"https:\/\/radiologicadelcarmen.com.co\/wp-content\/uploads\/2021\/01\/imagotipo.png\",\"width\":341,\"height\":100,\"caption\":\"Unidad M\u00e9dica Radiol\u00f3gica del Carmen\"},\"image\":{\"@id\":\"https:\/\/radiologicadelcarmen.com.co\/#\/schema\/logo\/image\/\"}}]}<\/script>\n<!-- \/ Yoast SEO Premium plugin. -->","yoast_head_json":{"title":"Mamograf\u00eda 3D tomos\u00edntesis - Radiol\u00f3gica Del Carmen","description":"La mamograf\u00eda 3D es un estudio diagn\u00f3stico que consiste en la captura de m\u00faltiples im\u00e1genes de cada mama, a partir de cortes milim\u00e9tricos.","robots":{"index":"index","follow":"follow","max-snippet":"max-snippet:-1","max-image-preview":"max-image-preview:large","max-video-preview":"max-video-preview:-1"},"canonical":"https:\/\/radiologicadelcarmen.com.co\/index.php\/servicios\/mamografia\/mamografia-3d\/","og_locale":"es_ES","og_type":"article","og_title":"Mamograf\u00eda 3D tomos\u00edntesis","og_description":"La mamograf\u00eda 3D es un estudio diagn\u00f3stico que consiste en la captura de m\u00faltiples im\u00e1genes de cada mama, a partir de cortes milim\u00e9tricos.","og_url":"https:\/\/radiologicadelcarmen.com.co\/index.php\/servicios\/mamografia\/mamografia-3d\/","og_site_name":"Radiol\u00f3gica Del Carmen","article_modified_time":"2021-01-15T21:05:41+00:00","twitter_card":"summary_large_image","schema":{"@context":"https:\/\/schema.org","@graph":[{"@type":"WebPage","@id":"https:\/\/radiologicadelcarmen.com.co\/index.php\/servicios\/mamografia\/mamografia-3d\/","url":"https:\/\/radiologicadelcarmen.com.co\/index.php\/servicios\/mamografia\/mamografia-3d\/","name":"Mamograf\u00eda 3D tomos\u00edntesis - Radiol\u00f3gica Del Carmen","isPartOf":{"@id":"https:\/\/radiologicadelcarmen.com.co\/#website"},"datePublished":"2021-01-15T04:47:36+00:00","dateModified":"2021-01-15T21:05:41+00:00","description":"La mamograf\u00eda 3D es un estudio diagn\u00f3stico que consiste en la captura de m\u00faltiples im\u00e1genes de cada mama, a partir de cortes milim\u00e9tricos.","breadcrumb":{"@id":"https:\/\/radiologicadelcarmen.com.co\/index.php\/servicios\/mamografia\/mamografia-3d\/#breadcrumb"},"inLanguage":"es","potentialAction":[{"@type":"ReadAction","target":["https:\/\/radiologicadelcarmen.com.co\/index.php\/servicios\/mamografia\/mamografia-3d\/"]}]},{"@type":"BreadcrumbList","@id":"https:\/\/radiologicadelcarmen.com.co\/index.php\/servicios\/mamografia\/mamografia-3d\/#breadcrumb","itemListElement":[{"@type":"ListItem","position":1,"name":"Home","item":"https:\/\/radiologicadelcarmen.com.co\/"},{"@type":"ListItem","position":2,"name":"Servicios","item":"https:\/\/radiologicadelcarmen.com.co\/index.php\/servicios\/"},{"@type":"ListItem","position":3,"name":"Mamograf\u00eda digital","item":"https:\/\/radiologicadelcarmen.com.co\/index.php\/servicios\/mamografia\/"},{"@type":"ListItem","position":4,"name":"Mamograf\u00eda 3D tomos\u00edntesis"}]},{"@type":"WebSite","@id":"https:\/\/radiologicadelcarmen.com.co\/#website","url":"https:\/\/radiologicadelcarmen.com.co\/","name":"Radiol\u00f3gica Del Carmen","description":"Entidad prestadora de servicios m\u00e9dicos de radiolog\u00eda e im\u00e1genes diagn\u00f3sticas. Riohacha, La Guajira, Colombia.","publisher":{"@id":"https:\/\/radiologicadelcarmen.com.co\/#organization"},"potentialAction":[{"@type":"SearchAction","target":{"@type":"EntryPoint","urlTemplate":"https:\/\/radiologicadelcarmen.com.co\/?s={search_term_string}"},"query-input":{"@type":"PropertyValueSpecification","valueRequired":true,"valueName":"search_term_string"}}],"inLanguage":"es"},{"@type":"Organization","@id":"https:\/\/radiologicadelcarmen.com.co\/#organization","name":"Unidad M\u00e9dica Radiol\u00f3gica del Carmen","url":"https:\/\/radiologicadelcarmen.com.co\/","logo":{"@type":"ImageObject","inLanguage":"es","@id":"https:\/\/radiologicadelcarmen.com.co\/#\/schema\/logo\/image\/","url":"https:\/\/radiologicadelcarmen.com.co\/wp-content\/uploads\/2021\/01\/imagotipo.png","contentUrl":"https:\/\/radiologicadelcarmen.com.co\/wp-content\/uploads\/2021\/01\/imagotipo.png","width":341,"height":100,"caption":"Unidad M\u00e9dica Radiol\u00f3gica del Carmen"},"image":{"@id":"https:\/\/radiologicadelcarmen.com.co\/#\/schema\/logo\/image\/"}}]}},"_links":{"self":[{"href":"https:\/\/radiologicadelcarmen.com.co\/index.php\/wp-json\/wp\/v2\/pages\/8513"}],"collection":[{"href":"https:\/\/radiologicadelcarmen.com.co\/index.php\/wp-json\/wp\/v2\/pages"}],"about":[{"href":"https:\/\/radiologicadelcarmen.com.co\/index.php\/wp-json\/wp\/v2\/types\/page"}],"author":[{"embeddable":true,"href":"https:\/\/radiologicadelcarmen.com.co\/index.php\/wp-json\/wp\/v2\/users\/1"}],"replies":[{"embeddable":true,"href":"https:\/\/radiologicadelcarmen.com.co\/index.php\/wp-json\/wp\/v2\/comments?post=8513"}],"version-history":[{"count":5,"href":"https:\/\/radiologicadelcarmen.com.co\/index.php\/wp-json\/wp\/v2\/pages\/8513\/revisions"}],"predecessor-version":[{"id":8592,"href":"https:\/\/radiologicadelcarmen.com.co\/index.php\/wp-json\/wp\/v2\/pages\/8513\/revisions\/8592"}],"up":[{"embeddable":true,"href":"https:\/\/radiologicadelcarmen.com.co\/index.php\/wp-json\/wp\/v2\/pages\/8506"}],"wp:attachment":[{"href":"https:\/\/radiologicadelcarmen.com.co\/index.php\/wp-json\/wp\/v2\/media?parent=8513"}],"curies":[{"name":"wp","href":"https:\/\/api.w.org\/{rel}","templated":true}]}}