{"id":8909,"date":"2024-07-12T17:02:45","date_gmt":"2024-07-12T17:02:45","guid":{"rendered":"https:\/\/radiologicadelcarmen.com.co\/index.php\/map-1\/"},"modified":"2024-07-12T17:02:45","modified_gmt":"2024-07-12T17:02:45","slug":"map-1","status":"publish","type":"page","link":"https:\/\/radiologicadelcarmen.com.co\/index.php\/map-1\/","title":{"rendered":"Radiol\u00f3gica Del Carmen (Riohacha) &#8211; MAPA WPMaps"},"content":{"rendered":"<div id=\"wpgmza_map\" class=\"wpgmza_map\" data-settings='{\"id\":\"1\",\"map_title\":\"Radiol\\u00f3gica Del Carmen (Riohacha) - MAPA WPMaps\",\"map_width\":\"100\",\"map_height\":\"500\",\"map_start_lat\":\"11.5472594\",\"map_start_lng\":\"-72.91372009999999\",\"map_start_location\":\"45.950464398418106,-109.81550500000003\",\"map_start_zoom\":\"17\",\"default_marker\":\"\",\"type\":\"1\",\"alignment\":\"4\",\"directions_enabled\":\"0\",\"styling_enabled\":\"0\",\"styling_json\":\"\",\"active\":\"0\",\"kml\":\"\",\"bicycle\":\"0\",\"traffic\":\"0\",\"dbox\":\"0\",\"dbox_width\":\"\",\"listmarkers\":\"0\",\"listmarkers_advanced\":\"0\",\"filterbycat\":\"0\",\"ugm_enabled\":\"0\",\"ugm_category_enabled\":\"0\",\"fusion\":\"\",\"map_width_type\":\"%\",\"map_height_type\":\"px\",\"mass_marker_support\":\"0\",\"ugm_access\":\"0\",\"order_markers_by\":\"0\",\"order_markers_choice\":\"0\",\"show_user_location\":\"0\",\"default_to\":\"\",\"other_settings\":{\"map_type\":1,\"sl_stroke_color\":\"\",\"sl_fill_color\":\"\",\"sl_stroke_opacity\":\"\",\"sl_fill_opacity\":\"\",\"transport_layer\":false,\"action\":\"wpgmza_save_map\",\"redirect_to\":\"\\\/wpconstruction\\\/wp-admin\\\/admin-post.php\",\"map_id\":\"1\",\"http_referer\":\"\\\/wpconstruction\\\/wp-admin\\\/admin.php?page=wp-google-maps-menu&action=edit&map_id=1\",\"wpgmza_id\":\"1\",\"wpgmza_start_location\":\"11.5472594,-72.91372009999999\",\"wpgmza_start_zoom\":\"17\",\"wpgmza_theme_data\":\"[\\\"visibility\\\", \\\"invert_lightness\\\", \\\"color\\\", \\\"weight\\\", \\\"hue\\\", \\\"saturation\\\", \\\"lightness\\\", \\\"gamma\\\"]\",\"store_locator_enabled\":false,\"store_locator_search_area\":\"radial\",\"wpgmza_store_locator_radius_style\":\"legacy\",\"wpgmza_store_locator_default_radius\":\"10\",\"store_locator_auto_area_max_zoom\":\"\",\"store_locator_distance\":false,\"wpgmza_store_locator_position\":false,\"wpgmza_store_locator_category_enabled\":false,\"wpgmza_store_locator_use_their_location\":false,\"wpgmza_store_locator_bounce\":false,\"wpgmza_sl_animation\":null,\"wpgmza_store_locator_hide_before_search\":false,\"wpgmza_store_locator_query_string\":\"\",\"wpgmza_store_locator_default_address\":\"\",\"wpgmza_store_locator_name_search\":false,\"wpgmza_store_locator_name_string\":\"\",\"wpgmza_store_locator_not_found_message\":\"\",\"wpgmza_map_align\":\"1\",\"jump_to_nearest_marker_on_initialization\":false,\"automatically_pan_to_users_location\":false,\"show_distance_from_location\":false,\"map_max_zoom\":\"21\",\"map_min_zoom\":\"0\",\"click_open_link\":false,\"fit_maps_bounds_to_markers\":false,\"fit_maps_bounds_to_markers_after_filtering\":false,\"hide_point_of_interest\":false,\"wpgmza_zoom_on_marker_click\":false,\"wpgmza_zoom_on_marker_click_slider\":\"\",\"close_infowindow_on_map_click\":false,\"disable_lightbox_images\":false,\"use_Raw_Jpeg_Coordinates\":false,\"polygon_labels\":false,\"wpgmza_kml\":\"\",\"enable_marker_ratings\":false,\"only_load_markers_within_viewport\":false,\"iw_primary_color\":\"\",\"iw_accent_color\":\"\",\"iw_text_color\":\"\",\"wpgmza_listmarkers_by\":\"0\",\"wpgmza_marker_listing_position\":false,\"wpgmza_push_in_map\":false,\"wpgmza_push_in_map_placement\":null,\"wpgmza_push_in_map_width\":\"\",\"wpgmza_push_in_map_height\":\"\",\"datatable_no_result_message\":\"\",\"remove_search_box_datables\":false,\"dataTable_pagination_style\":null,\"datatable_search_string\":\"\",\"datatable_result_start\":\"\",\"datatable_result_of\":\"\",\"datatable_result_to\":\"\",\"datatable_result_total\":\"\",\"datatable_result_show\":\"\",\"datatable_result_entries\":\"\",\"wpgmza_savemap\":\"Guardar Mapa \\u00bb\"}}' data-map-id='1' Data-maps-engine='open-layers' data-shortcode-attributes='{\"id\":\"1\"}' style=\"display:block; overflow:auto; width:100%; height:500px; float:left;\"><\/div>\n","protected":false},"excerpt":{"rendered":"","protected":false},"author":1,"featured_media":0,"parent":0,"menu_order":0,"comment_status":"closed","ping_status":"closed","template":"","meta":{"footnotes":""},"class_list":["post-8909","page","type-page","status-publish","hentry"],"yoast_head":"<!-- This site is optimized with the Yoast SEO Premium plugin v23.7 (Yoast SEO v23.7) - https:\/\/yoast.com\/wordpress\/plugins\/seo\/ -->\n<title>Radiol\u00f3gica Del Carmen (Riohacha) - MAPA WPMaps - Radiol\u00f3gica Del Carmen<\/title>\n<meta name=\"robots\" content=\"index, follow, max-snippet:-1, max-image-preview:large, max-video-preview:-1\" \/>\n<link rel=\"canonical\" href=\"https:\/\/radiologicadelcarmen.com.co\/index.php\/map-1\/\" \/>\n<meta property=\"og:locale\" content=\"es_ES\" \/>\n<meta property=\"og:type\" content=\"article\" \/>\n<meta property=\"og:title\" content=\"Radiol\u00f3gica Del Carmen (Riohacha) - MAPA WPMaps\" \/>\n<meta property=\"og:url\" content=\"https:\/\/radiologicadelcarmen.com.co\/index.php\/map-1\/\" \/>\n<meta property=\"og:site_name\" content=\"Radiol\u00f3gica Del Carmen\" \/>\n<meta name=\"twitter:card\" content=\"summary_large_image\" \/>\n<script type=\"application\/ld+json\" class=\"yoast-schema-graph\">{\"@context\":\"https:\/\/schema.org\",\"@graph\":[{\"@type\":\"WebPage\",\"@id\":\"https:\/\/radiologicadelcarmen.com.co\/index.php\/map-1\/\",\"url\":\"https:\/\/radiologicadelcarmen.com.co\/index.php\/map-1\/\",\"name\":\"Radiol\u00f3gica Del Carmen (Riohacha) - MAPA WPMaps - Radiol\u00f3gica Del Carmen\",\"isPartOf\":{\"@id\":\"https:\/\/radiologicadelcarmen.com.co\/#website\"},\"datePublished\":\"2024-07-12T17:02:45+00:00\",\"dateModified\":\"2024-07-12T17:02:45+00:00\",\"breadcrumb\":{\"@id\":\"https:\/\/radiologicadelcarmen.com.co\/index.php\/map-1\/#breadcrumb\"},\"inLanguage\":\"es\",\"potentialAction\":[{\"@type\":\"ReadAction\",\"target\":[\"https:\/\/radiologicadelcarmen.com.co\/index.php\/map-1\/\"]}]},{\"@type\":\"BreadcrumbList\",\"@id\":\"https:\/\/radiologicadelcarmen.com.co\/index.php\/map-1\/#breadcrumb\",\"itemListElement\":[{\"@type\":\"ListItem\",\"position\":1,\"name\":\"Home\",\"item\":\"https:\/\/radiologicadelcarmen.com.co\/\"},{\"@type\":\"ListItem\",\"position\":2,\"name\":\"Radiol\u00f3gica Del Carmen (Riohacha) &#8211; MAPA WPMaps\"}]},{\"@type\":\"WebSite\",\"@id\":\"https:\/\/radiologicadelcarmen.com.co\/#website\",\"url\":\"https:\/\/radiologicadelcarmen.com.co\/\",\"name\":\"Radiol\u00f3gica Del Carmen\",\"description\":\"Entidad prestadora de servicios m\u00e9dicos de radiolog\u00eda e im\u00e1genes diagn\u00f3sticas. Riohacha, La Guajira, Colombia.\",\"publisher\":{\"@id\":\"https:\/\/radiologicadelcarmen.com.co\/#organization\"},\"potentialAction\":[{\"@type\":\"SearchAction\",\"target\":{\"@type\":\"EntryPoint\",\"urlTemplate\":\"https:\/\/radiologicadelcarmen.com.co\/?s={search_term_string}\"},\"query-input\":{\"@type\":\"PropertyValueSpecification\",\"valueRequired\":true,\"valueName\":\"search_term_string\"}}],\"inLanguage\":\"es\"},{\"@type\":\"Organization\",\"@id\":\"https:\/\/radiologicadelcarmen.com.co\/#organization\",\"name\":\"Unidad M\u00e9dica Radiol\u00f3gica del Carmen\",\"url\":\"https:\/\/radiologicadelcarmen.com.co\/\",\"logo\":{\"@type\":\"ImageObject\",\"inLanguage\":\"es\",\"@id\":\"https:\/\/radiologicadelcarmen.com.co\/#\/schema\/logo\/image\/\",\"url\":\"https:\/\/radiologicadelcarmen.com.co\/wp-content\/uploads\/2021\/01\/imagotipo.png\",\"contentUrl\":\"https:\/\/radiologicadelcarmen.com.co\/wp-content\/uploads\/2021\/01\/imagotipo.png\",\"width\":341,\"height\":100,\"caption\":\"Unidad M\u00e9dica Radiol\u00f3gica del Carmen\"},\"image\":{\"@id\":\"https:\/\/radiologicadelcarmen.com.co\/#\/schema\/logo\/image\/\"}}]}<\/script>\n<!-- \/ Yoast SEO Premium plugin. -->","yoast_head_json":{"title":"Radiol\u00f3gica Del Carmen (Riohacha) - MAPA WPMaps - Radiol\u00f3gica Del Carmen","robots":{"index":"index","follow":"follow","max-snippet":"max-snippet:-1","max-image-preview":"max-image-preview:large","max-video-preview":"max-video-preview:-1"},"canonical":"https:\/\/radiologicadelcarmen.com.co\/index.php\/map-1\/","og_locale":"es_ES","og_type":"article","og_title":"Radiol\u00f3gica Del Carmen (Riohacha) - MAPA WPMaps","og_url":"https:\/\/radiologicadelcarmen.com.co\/index.php\/map-1\/","og_site_name":"Radiol\u00f3gica Del Carmen","twitter_card":"summary_large_image","schema":{"@context":"https:\/\/schema.org","@graph":[{"@type":"WebPage","@id":"https:\/\/radiologicadelcarmen.com.co\/index.php\/map-1\/","url":"https:\/\/radiologicadelcarmen.com.co\/index.php\/map-1\/","name":"Radiol\u00f3gica Del Carmen (Riohacha) - MAPA WPMaps - Radiol\u00f3gica Del Carmen","isPartOf":{"@id":"https:\/\/radiologicadelcarmen.com.co\/#website"},"datePublished":"2024-07-12T17:02:45+00:00","dateModified":"2024-07-12T17:02:45+00:00","breadcrumb":{"@id":"https:\/\/radiologicadelcarmen.com.co\/index.php\/map-1\/#breadcrumb"},"inLanguage":"es","potentialAction":[{"@type":"ReadAction","target":["https:\/\/radiologicadelcarmen.com.co\/index.php\/map-1\/"]}]},{"@type":"BreadcrumbList","@id":"https:\/\/radiologicadelcarmen.com.co\/index.php\/map-1\/#breadcrumb","itemListElement":[{"@type":"ListItem","position":1,"name":"Home","item":"https:\/\/radiologicadelcarmen.com.co\/"},{"@type":"ListItem","position":2,"name":"Radiol\u00f3gica Del Carmen (Riohacha) &#8211; MAPA WPMaps"}]},{"@type":"WebSite","@id":"https:\/\/radiologicadelcarmen.com.co\/#website","url":"https:\/\/radiologicadelcarmen.com.co\/","name":"Radiol\u00f3gica Del Carmen","description":"Entidad prestadora de servicios m\u00e9dicos de radiolog\u00eda e im\u00e1genes diagn\u00f3sticas. Riohacha, La Guajira, Colombia.","publisher":{"@id":"https:\/\/radiologicadelcarmen.com.co\/#organization"},"potentialAction":[{"@type":"SearchAction","target":{"@type":"EntryPoint","urlTemplate":"https:\/\/radiologicadelcarmen.com.co\/?s={search_term_string}"},"query-input":{"@type":"PropertyValueSpecification","valueRequired":true,"valueName":"search_term_string"}}],"inLanguage":"es"},{"@type":"Organization","@id":"https:\/\/radiologicadelcarmen.com.co\/#organization","name":"Unidad M\u00e9dica Radiol\u00f3gica del Carmen","url":"https:\/\/radiologicadelcarmen.com.co\/","logo":{"@type":"ImageObject","inLanguage":"es","@id":"https:\/\/radiologicadelcarmen.com.co\/#\/schema\/logo\/image\/","url":"https:\/\/radiologicadelcarmen.com.co\/wp-content\/uploads\/2021\/01\/imagotipo.png","contentUrl":"https:\/\/radiologicadelcarmen.com.co\/wp-content\/uploads\/2021\/01\/imagotipo.png","width":341,"height":100,"caption":"Unidad M\u00e9dica Radiol\u00f3gica del Carmen"},"image":{"@id":"https:\/\/radiologicadelcarmen.com.co\/#\/schema\/logo\/image\/"}}]}},"_links":{"self":[{"href":"https:\/\/radiologicadelcarmen.com.co\/index.php\/wp-json\/wp\/v2\/pages\/8909"}],"collection":[{"href":"https:\/\/radiologicadelcarmen.com.co\/index.php\/wp-json\/wp\/v2\/pages"}],"about":[{"href":"https:\/\/radiologicadelcarmen.com.co\/index.php\/wp-json\/wp\/v2\/types\/page"}],"author":[{"embeddable":true,"href":"https:\/\/radiologicadelcarmen.com.co\/index.php\/wp-json\/wp\/v2\/users\/1"}],"replies":[{"embeddable":true,"href":"https:\/\/radiologicadelcarmen.com.co\/index.php\/wp-json\/wp\/v2\/comments?post=8909"}],"version-history":[{"count":0,"href":"https:\/\/radiologicadelcarmen.com.co\/index.php\/wp-json\/wp\/v2\/pages\/8909\/revisions"}],"wp:attachment":[{"href":"https:\/\/radiologicadelcarmen.com.co\/index.php\/wp-json\/wp\/v2\/media?parent=8909"}],"curies":[{"name":"wp","href":"https:\/\/api.w.org\/{rel}","templated":true}]}}